{"id":3362,"date":"2022-02-15T12:27:33","date_gmt":"2022-02-15T12:27:33","guid":{"rendered":"https:\/\/restaurants.pokawa.be\/?page_id=3362"},"modified":"2022-07-11T15:35:01","modified_gmt":"2022-07-11T15:35:01","slug":"commander","status":"publish","type":"page","link":"https:\/\/restaurants.pokawa.be\/ca\/comanda\/","title":{"rendered":"Ordre"},"content":{"rendered":"<div data-elementor-type=\"wp-page\" data-elementor-id=\"3362\" class=\"elementor elementor-3362\" data-elementor-post-type=\"page\">\n\t\t\t\t\t\t<section class=\"elementor-section elementor-top-section elementor-element elementor-element-2fc2020 elementor-section-height-full elementor-section-boxed elementor-section-height-default elementor-section-items-middle\" data-id=\"2fc2020\" data-element_type=\"section\" data-e-type=\"section\" data-settings=\"{&quot;background_background&quot;:&quot;classic&quot;}\">\n\t\t\t\t\t\t<div class=\"elementor-container elementor-column-gap-default\">\n\t\t\t\t\t<div class=\"elementor-column elementor-col-100 elementor-top-column elementor-element elementor-element-6ef8810\" data-id=\"6ef8810\" data-element_type=\"column\" data-e-type=\"column\">\n\t\t\t<div class=\"elementor-widget-wrap elementor-element-populated\">\n\t\t\t\t\t\t<div class=\"elementor-element elementor-element-274d2bb elementor-widget elementor-widget-html\" data-id=\"274d2bb\" data-element_type=\"widget\" data-e-type=\"widget\" data-widget_type=\"html.default\">\n\t\t\t\t<div class=\"elementor-widget-container\">\n\t\t\t\t\t   <div id=\"myli-lead-container\">\n    <\/div>\t\t\t\t<\/div>\n\t\t\t\t<\/div>\n\t\t\t\t\t<\/div>\n\t\t<\/div>\n\t\t\t\t\t<\/div>\n\t\t<\/section>\n\t\t\t\t<\/div>","protected":false},"excerpt":{"rendered":"","protected":false},"author":4,"featured_media":0,"parent":0,"menu_order":0,"comment_status":"closed","ping_status":"closed","template":"","meta":{"footnotes":""},"class_list":["post-3362","page","type-page","status-publish","hentry"],"yoast_head":"<!-- This site is optimized with the Yoast SEO plugin v27.5 - https:\/\/yoast.com\/product\/yoast-seo-wordpress\/ -->\n<title>Pok\u00e9 Bowl en France - Pokawa, Cuisine Hawa\u00efenne et Healthy Bowl<\/title>\n<meta name=\"description\" content=\"Venez D\u00e9couvrir nos POK\u00c9S, HEALTHY BOWLS, SALADES, SOUPES ET DESSERTS dans un d\u00e9cor Chill. D\u00e9guster sur place, en livraison, \u00e0 emporter ou en traiteur\" \/>\n<meta name=\"robots\" content=\"index, follow, max-snippet:-1, max-image-preview:large, max-video-preview:-1\" \/>\n<link rel=\"canonical\" href=\"https:\/\/restaurants.pokawa.be\/ca\/comanda\/\" \/>\n<meta property=\"og:locale\" content=\"ca_ES\" \/>\n<meta property=\"og:type\" content=\"article\" \/>\n<meta property=\"og:title\" content=\"Pok\u00e9 Bowl en France - Pokawa, Cuisine Hawa\u00efenne et Healthy Bowl\" \/>\n<meta property=\"og:description\" content=\"Venez D\u00e9couvrir nos POK\u00c9S, HEALTHY BOWLS, SALADES, SOUPES ET DESSERTS dans un d\u00e9cor Chill. D\u00e9guster sur place, en livraison, \u00e0 emporter ou en traiteur\" \/>\n<meta property=\"og:url\" content=\"https:\/\/restaurants.pokawa.be\/ca\/comanda\/\" \/>\n<meta property=\"og:site_name\" content=\"Les restaurants de Pokawa en Belgique\" \/>\n<meta property=\"article:modified_time\" content=\"2022-07-11T15:35:01+00:00\" \/>\n<meta name=\"twitter:card\" content=\"summary_large_image\" \/>\n<script type=\"application\/ld+json\" class=\"yoast-schema-graph\">{\"@context\":\"https:\\\/\\\/schema.org\",\"@graph\":[{\"@type\":\"WebPage\",\"@id\":\"https:\\\/\\\/restaurants.pokawa.be\\\/commander\\\/\",\"url\":\"https:\\\/\\\/restaurants.pokawa.be\\\/commander\\\/\",\"name\":\"Pok\u00e9 Bowl en France - Pokawa, Cuisine Hawa\u00efenne et Healthy Bowl\",\"isPartOf\":{\"@id\":\"https:\\\/\\\/restaurants.pokawa.be\\\/#website\"},\"datePublished\":\"2022-02-15T12:27:33+00:00\",\"dateModified\":\"2022-07-11T15:35:01+00:00\",\"description\":\"Venez D\u00e9couvrir nos POK\u00c9S, HEALTHY BOWLS, SALADES, SOUPES ET DESSERTS dans un d\u00e9cor Chill. D\u00e9guster sur place, en livraison, \u00e0 emporter ou en traiteur\",\"breadcrumb\":{\"@id\":\"https:\\\/\\\/restaurants.pokawa.be\\\/commander\\\/#breadcrumb\"},\"inLanguage\":\"ca\",\"potentialAction\":[{\"@type\":\"ReadAction\",\"target\":[\"https:\\\/\\\/restaurants.pokawa.be\\\/commander\\\/\"]}]},{\"@type\":\"BreadcrumbList\",\"@id\":\"https:\\\/\\\/restaurants.pokawa.be\\\/commander\\\/#breadcrumb\",\"itemListElement\":[{\"@type\":\"ListItem\",\"position\":1,\"name\":\"Restaurants\",\"item\":\"https:\\\/\\\/restaurants.pokawa.be\\\/\"},{\"@type\":\"ListItem\",\"position\":2,\"name\":\"Commander\"}]},{\"@type\":\"WebSite\",\"@id\":\"https:\\\/\\\/restaurants.pokawa.be\\\/#website\",\"url\":\"https:\\\/\\\/restaurants.pokawa.be\\\/\",\"name\":\"Les restaurants de Pokawa en Belgique\",\"description\":\"\",\"publisher\":{\"@id\":\"https:\\\/\\\/restaurants.pokawa.be\\\/#organization\"},\"potentialAction\":[{\"@type\":\"SearchAction\",\"target\":{\"@type\":\"EntryPoint\",\"urlTemplate\":\"https:\\\/\\\/restaurants.pokawa.be\\\/?s={search_term_string}\"},\"query-input\":{\"@type\":\"PropertyValueSpecification\",\"valueRequired\":true,\"valueName\":\"search_term_string\"}}],\"inLanguage\":\"ca\"},{\"@type\":\"Organization\",\"@id\":\"https:\\\/\\\/restaurants.pokawa.be\\\/#organization\",\"name\":\"Les restaurants de Pokawa en Belgique\",\"url\":\"https:\\\/\\\/restaurants.pokawa.be\\\/\",\"logo\":{\"@type\":\"ImageObject\",\"inLanguage\":\"ca\",\"@id\":\"https:\\\/\\\/restaurants.pokawa.be\\\/#\\\/schema\\\/logo\\\/image\\\/\",\"url\":\"https:\\\/\\\/restaurants.pokawa.be\\\/wp-content\\\/uploads\\\/2022\\\/08\\\/cropped-LOGO.png\",\"contentUrl\":\"https:\\\/\\\/restaurants.pokawa.be\\\/wp-content\\\/uploads\\\/2022\\\/08\\\/cropped-LOGO.png\",\"width\":326,\"height\":60,\"caption\":\"Les restaurants de Pokawa en Belgique\"},\"image\":{\"@id\":\"https:\\\/\\\/restaurants.pokawa.be\\\/#\\\/schema\\\/logo\\\/image\\\/\"}}]}<\/script>\n<!-- \/ Yoast SEO plugin. -->","yoast_head_json":{"title":"Pok\u00e9 Bowl en France - Pokawa, Cuisine Hawa\u00efenne et Healthy Bowl","description":"Venez D\u00e9couvrir nos POK\u00c9S, HEALTHY BOWLS, SALADES, SOUPES ET DESSERTS dans un d\u00e9cor Chill. D\u00e9guster sur place, en livraison, \u00e0 emporter ou en traiteur","robots":{"index":"index","follow":"follow","max-snippet":"max-snippet:-1","max-image-preview":"max-image-preview:large","max-video-preview":"max-video-preview:-1"},"canonical":"https:\/\/restaurants.pokawa.be\/ca\/comanda\/","og_locale":"ca_ES","og_type":"article","og_title":"Pok\u00e9 Bowl en France - Pokawa, Cuisine Hawa\u00efenne et Healthy Bowl","og_description":"Venez D\u00e9couvrir nos POK\u00c9S, HEALTHY BOWLS, SALADES, SOUPES ET DESSERTS dans un d\u00e9cor Chill. D\u00e9guster sur place, en livraison, \u00e0 emporter ou en traiteur","og_url":"https:\/\/restaurants.pokawa.be\/ca\/comanda\/","og_site_name":"Les restaurants de Pokawa en Belgique","article_modified_time":"2022-07-11T15:35:01+00:00","twitter_card":"summary_large_image","schema":{"@context":"https:\/\/schema.org","@graph":[{"@type":"WebPage","@id":"https:\/\/restaurants.pokawa.be\/commander\/","url":"https:\/\/restaurants.pokawa.be\/commander\/","name":"Pok\u00e9 Bowl en France - Pokawa, Cuisine Hawa\u00efenne et Healthy Bowl","isPartOf":{"@id":"https:\/\/restaurants.pokawa.be\/#website"},"datePublished":"2022-02-15T12:27:33+00:00","dateModified":"2022-07-11T15:35:01+00:00","description":"Venez D\u00e9couvrir nos POK\u00c9S, HEALTHY BOWLS, SALADES, SOUPES ET DESSERTS dans un d\u00e9cor Chill. D\u00e9guster sur place, en livraison, \u00e0 emporter ou en traiteur","breadcrumb":{"@id":"https:\/\/restaurants.pokawa.be\/commander\/#breadcrumb"},"inLanguage":"ca","potentialAction":[{"@type":"ReadAction","target":["https:\/\/restaurants.pokawa.be\/commander\/"]}]},{"@type":"BreadcrumbList","@id":"https:\/\/restaurants.pokawa.be\/commander\/#breadcrumb","itemListElement":[{"@type":"ListItem","position":1,"name":"Restaurants","item":"https:\/\/restaurants.pokawa.be\/"},{"@type":"ListItem","position":2,"name":"Commander"}]},{"@type":"WebSite","@id":"https:\/\/restaurants.pokawa.be\/#website","url":"https:\/\/restaurants.pokawa.be\/","name":"Les restaurants de Pokawa en Belgique","description":"","publisher":{"@id":"https:\/\/restaurants.pokawa.be\/#organization"},"potentialAction":[{"@type":"SearchAction","target":{"@type":"EntryPoint","urlTemplate":"https:\/\/restaurants.pokawa.be\/?s={search_term_string}"},"query-input":{"@type":"PropertyValueSpecification","valueRequired":true,"valueName":"search_term_string"}}],"inLanguage":"ca"},{"@type":"Organization","@id":"https:\/\/restaurants.pokawa.be\/#organization","name":"Les restaurants de Pokawa en Belgique","url":"https:\/\/restaurants.pokawa.be\/","logo":{"@type":"ImageObject","inLanguage":"ca","@id":"https:\/\/restaurants.pokawa.be\/#\/schema\/logo\/image\/","url":"https:\/\/restaurants.pokawa.be\/wp-content\/uploads\/2022\/08\/cropped-LOGO.png","contentUrl":"https:\/\/restaurants.pokawa.be\/wp-content\/uploads\/2022\/08\/cropped-LOGO.png","width":326,"height":60,"caption":"Les restaurants de Pokawa en Belgique"},"image":{"@id":"https:\/\/restaurants.pokawa.be\/#\/schema\/logo\/image\/"}}]}},"_links":{"self":[{"href":"https:\/\/restaurants.pokawa.be\/ca\/wp-json\/wp\/v2\/pages\/3362","targetHints":{"allow":["GET"]}}],"collection":[{"href":"https:\/\/restaurants.pokawa.be\/ca\/wp-json\/wp\/v2\/pages"}],"about":[{"href":"https:\/\/restaurants.pokawa.be\/ca\/wp-json\/wp\/v2\/types\/page"}],"author":[{"embeddable":true,"href":"https:\/\/restaurants.pokawa.be\/ca\/wp-json\/wp\/v2\/users\/4"}],"replies":[{"embeddable":true,"href":"https:\/\/restaurants.pokawa.be\/ca\/wp-json\/wp\/v2\/comments?post=3362"}],"version-history":[{"count":31,"href":"https:\/\/restaurants.pokawa.be\/ca\/wp-json\/wp\/v2\/pages\/3362\/revisions"}],"predecessor-version":[{"id":6830,"href":"https:\/\/restaurants.pokawa.be\/ca\/wp-json\/wp\/v2\/pages\/3362\/revisions\/6830"}],"wp:attachment":[{"href":"https:\/\/restaurants.pokawa.be\/ca\/wp-json\/wp\/v2\/media?parent=3362"}],"curies":[{"name":"wp","href":"https:\/\/api.w.org\/{rel}","templated":true}]}}