{"id":3637,"date":"2022-03-10T10:15:42","date_gmt":"2022-03-10T10:15:42","guid":{"rendered":"https:\/\/restaurants.pokawa.be\/?page_id=3637"},"modified":"2024-04-26T07:45:59","modified_gmt":"2024-04-26T07:45:59","slug":"restaurants-map","status":"publish","type":"page","link":"https:\/\/restaurants.pokawa.be\/ca\/","title":{"rendered":"Restaurants"},"content":{"rendered":"<div data-elementor-type=\"wp-page\" data-elementor-id=\"3637\" class=\"elementor elementor-3637\" data-elementor-post-type=\"page\">\n\t\t\t\t\t\t<section class=\"elementor-section elementor-top-section elementor-element elementor-element-7358daa elementor-section-full_width elementor-section-height-default elementor-section-height-default\" data-id=\"7358daa\" data-element_type=\"section\" data-e-type=\"section\" data-settings=\"{&quot;background_background&quot;:&quot;classic&quot;}\">\n\t\t\t\t\t\t\t<div class=\"elementor-background-overlay\"><\/div>\n\t\t\t\t\t\t\t<div class=\"elementor-container elementor-column-gap-default\">\n\t\t\t\t\t<div class=\"elementor-column elementor-col-100 elementor-top-column elementor-element elementor-element-6745a32\" data-id=\"6745a32\" data-element_type=\"column\" data-e-type=\"column\" data-settings=\"{&quot;background_background&quot;:&quot;classic&quot;}\">\n\t\t\t<div class=\"elementor-widget-wrap elementor-element-populated\">\n\t\t\t\t\t\t<div class=\"elementor-element elementor-element-0f09e83 elementor-widget elementor-widget-heading\" data-id=\"0f09e83\" data-element_type=\"widget\" data-e-type=\"widget\" data-widget_type=\"heading.default\">\n\t\t\t\t<div class=\"elementor-widget-container\">\n\t\t\t\t\t<h2 class=\"elementor-heading-title elementor-size-default\">Restaurants<\/h2>\t\t\t\t<\/div>\n\t\t\t\t<\/div>\n\t\t\t\t<div class=\"elementor-element elementor-element-977fe3f elementor-widget-divider--view-line elementor-widget elementor-widget-divider\" data-id=\"977fe3f\" data-element_type=\"widget\" data-e-type=\"widget\" data-widget_type=\"divider.default\">\n\t\t\t\t<div class=\"elementor-widget-container\">\n\t\t\t\t\t\t\t<div class=\"elementor-divider\">\n\t\t\t<span class=\"elementor-divider-separator\">\n\t\t\t\t\t\t<\/span>\n\t\t<\/div>\n\t\t\t\t\t\t<\/div>\n\t\t\t\t<\/div>\n\t\t\t\t<div class=\"elementor-element elementor-element-2aa6496 elementor-widget elementor-widget-shortcode\" data-id=\"2aa6496\" data-element_type=\"widget\" data-e-type=\"widget\" data-widget_type=\"shortcode.default\">\n\t\t\t\t<div class=\"elementor-widget-container\">\n\t\t\t\t\t\t\t<div class=\"elementor-shortcode\"><script>\r\n\t\t\t\t  default_location='Bruxelles';\r\n\t\t\t\t  ssf_wp_map_settings= 'specific';\r\n\t\t\t<\/script>\n<\/div>\n\t\t\t\t\t\t<\/div>\n\t\t\t\t<\/div>\n\t\t\t\t<div class=\"elementor-element elementor-element-9bf1f04 elementor-hidden-desktop elementor-hidden-tablet elementor-hidden-mobile elementor-widget elementor-widget-heading\" data-id=\"9bf1f04\" data-element_type=\"widget\" data-e-type=\"widget\" data-widget_type=\"heading.default\">\n\t\t\t\t<div class=\"elementor-widget-container\">\n\t\t\t\t\t<h2 class=\"elementor-heading-title elementor-size-default\">.<\/h2>\t\t\t\t<\/div>\n\t\t\t\t<\/div>\n\t\t\t\t\t<\/div>\n\t\t<\/div>\n\t\t\t\t\t<\/div>\n\t\t<\/section>\n\t\t\t\t<\/div>","protected":false},"excerpt":{"rendered":"<p>Nos Restaurants .<\/p>","protected":false},"author":1,"featured_media":0,"parent":0,"menu_order":0,"comment_status":"closed","ping_status":"closed","template":"elementor_header_footer","meta":{"footnotes":""},"class_list":["post-3637","page","type-page","status-publish","hentry"],"yoast_head":"<!-- This site is optimized with the Yoast SEO plugin v27.5 - https:\/\/yoast.com\/product\/yoast-seo-wordpress\/ -->\n<title>Les restaurants de Pokawa en Belgique - Pok\u00e9 Bar en France et Cuisine Hawa\u00efenne<\/title>\n<meta name=\"description\" content=\"Venez D\u00e9couvrir nos POK\u00c9S, HEALTHY BOWLS, SALADES, SOUPES ET DESSERTS dans un d\u00e9cor Chill. D\u00e9guster sur place, en livraison, \u00e0 emporter ou en traiteur nos plats en France\" \/>\n<meta name=\"robots\" content=\"index, follow, max-snippet:-1, max-image-preview:large, max-video-preview:-1\" \/>\n<link rel=\"canonical\" href=\"https:\/\/restaurants.pokawa.be\/ca\/\" \/>\n<meta property=\"og:locale\" content=\"ca_ES\" \/>\n<meta property=\"og:type\" content=\"article\" \/>\n<meta property=\"og:title\" content=\"Les restaurants de Pokawa en Belgique - Pok\u00e9 Bar en France et Cuisine Hawa\u00efenne\" \/>\n<meta property=\"og:description\" content=\"Venez D\u00e9couvrir nos POK\u00c9S, HEALTHY BOWLS, SALADES, SOUPES ET DESSERTS dans un d\u00e9cor Chill. D\u00e9guster sur place, en livraison, \u00e0 emporter ou en traiteur nos plats en France\" \/>\n<meta property=\"og:url\" content=\"https:\/\/restaurants.pokawa.be\/ca\/\" \/>\n<meta property=\"og:site_name\" content=\"Les restaurants de Pokawa en Belgique\" \/>\n<meta property=\"article:modified_time\" content=\"2024-04-26T07:45:59+00:00\" \/>\n<meta name=\"twitter:card\" content=\"summary_large_image\" \/>\n<meta name=\"twitter:label1\" content=\"Temps estimat de lectura\" \/>\n\t<meta name=\"twitter:data1\" content=\"1 minut\" \/>\n<script type=\"application\/ld+json\" class=\"yoast-schema-graph\">{\"@context\":\"https:\\\/\\\/schema.org\",\"@graph\":[{\"@type\":\"WebPage\",\"@id\":\"https:\\\/\\\/restaurants.pokawa.be\\\/\",\"url\":\"https:\\\/\\\/restaurants.pokawa.be\\\/\",\"name\":\"Les restaurants de Pokawa en Belgique - Pok\u00e9 Bar en France et Cuisine Hawa\u00efenne\",\"isPartOf\":{\"@id\":\"https:\\\/\\\/restaurants.pokawa.be\\\/#website\"},\"datePublished\":\"2022-03-10T10:15:42+00:00\",\"dateModified\":\"2024-04-26T07:45:59+00:00\",\"description\":\"Venez D\u00e9couvrir nos POK\u00c9S, HEALTHY BOWLS, SALADES, SOUPES ET DESSERTS dans un d\u00e9cor Chill. D\u00e9guster sur place, en livraison, \u00e0 emporter ou en traiteur nos plats en France\",\"breadcrumb\":{\"@id\":\"https:\\\/\\\/restaurants.pokawa.be\\\/#breadcrumb\"},\"inLanguage\":\"ca\",\"potentialAction\":[{\"@type\":\"ReadAction\",\"target\":[\"https:\\\/\\\/restaurants.pokawa.be\\\/\"]}]},{\"@type\":\"BreadcrumbList\",\"@id\":\"https:\\\/\\\/restaurants.pokawa.be\\\/#breadcrumb\",\"itemListElement\":[{\"@type\":\"ListItem\",\"position\":1,\"name\":\"Restaurants\",\"item\":\"https:\\\/\\\/restaurants.pokawa.be\\\/\"},{\"@type\":\"ListItem\",\"position\":2,\"name\":\"Restaurants\"}]},{\"@type\":\"WebSite\",\"@id\":\"https:\\\/\\\/restaurants.pokawa.be\\\/#website\",\"url\":\"https:\\\/\\\/restaurants.pokawa.be\\\/\",\"name\":\"Les restaurants de Pokawa en Belgique\",\"description\":\"\",\"publisher\":{\"@id\":\"https:\\\/\\\/restaurants.pokawa.be\\\/#organization\"},\"potentialAction\":[{\"@type\":\"SearchAction\",\"target\":{\"@type\":\"EntryPoint\",\"urlTemplate\":\"https:\\\/\\\/restaurants.pokawa.be\\\/?s={search_term_string}\"},\"query-input\":{\"@type\":\"PropertyValueSpecification\",\"valueRequired\":true,\"valueName\":\"search_term_string\"}}],\"inLanguage\":\"ca\"},{\"@type\":\"Organization\",\"@id\":\"https:\\\/\\\/restaurants.pokawa.be\\\/#organization\",\"name\":\"Les restaurants de Pokawa en Belgique\",\"url\":\"https:\\\/\\\/restaurants.pokawa.be\\\/\",\"logo\":{\"@type\":\"ImageObject\",\"inLanguage\":\"ca\",\"@id\":\"https:\\\/\\\/restaurants.pokawa.be\\\/#\\\/schema\\\/logo\\\/image\\\/\",\"url\":\"https:\\\/\\\/restaurants.pokawa.be\\\/wp-content\\\/uploads\\\/2022\\\/08\\\/cropped-LOGO.png\",\"contentUrl\":\"https:\\\/\\\/restaurants.pokawa.be\\\/wp-content\\\/uploads\\\/2022\\\/08\\\/cropped-LOGO.png\",\"width\":326,\"height\":60,\"caption\":\"Les restaurants de Pokawa en Belgique\"},\"image\":{\"@id\":\"https:\\\/\\\/restaurants.pokawa.be\\\/#\\\/schema\\\/logo\\\/image\\\/\"}}]}<\/script>\n<!-- \/ Yoast SEO plugin. -->","yoast_head_json":{"title":"Les restaurants de Pokawa en Belgique - Pok\u00e9 Bar en France et Cuisine Hawa\u00efenne","description":"Vine a descobrir els nostres POK\u00c9S, BOLS SALUDABLES, AMANDES, SOPES I POSTRES en una decoraci\u00f3 Chill. Tasteu in situ, a domicili, per emportar o catering els nostres plats a Fran\u00e7a","robots":{"index":"index","follow":"follow","max-snippet":"max-snippet:-1","max-image-preview":"max-image-preview:large","max-video-preview":"max-video-preview:-1"},"canonical":"https:\/\/restaurants.pokawa.be\/ca\/","og_locale":"ca_ES","og_type":"article","og_title":"Les restaurants de Pokawa en Belgique - Pok\u00e9 Bar en France et Cuisine Hawa\u00efenne","og_description":"Venez D\u00e9couvrir nos POK\u00c9S, HEALTHY BOWLS, SALADES, SOUPES ET DESSERTS dans un d\u00e9cor Chill. D\u00e9guster sur place, en livraison, \u00e0 emporter ou en traiteur nos plats en France","og_url":"https:\/\/restaurants.pokawa.be\/ca\/","og_site_name":"Les restaurants de Pokawa en Belgique","article_modified_time":"2024-04-26T07:45:59+00:00","twitter_card":"summary_large_image","twitter_misc":{"Temps estimat de lectura":"1 minut"},"schema":{"@context":"https:\/\/schema.org","@graph":[{"@type":"WebPage","@id":"https:\/\/restaurants.pokawa.be\/","url":"https:\/\/restaurants.pokawa.be\/","name":"Les restaurants de Pokawa en Belgique - Pok\u00e9 Bar en France et Cuisine Hawa\u00efenne","isPartOf":{"@id":"https:\/\/restaurants.pokawa.be\/#website"},"datePublished":"2022-03-10T10:15:42+00:00","dateModified":"2024-04-26T07:45:59+00:00","description":"Vine a descobrir els nostres POK\u00c9S, BOLS SALUDABLES, AMANDES, SOPES I POSTRES en una decoraci\u00f3 Chill. Tasteu in situ, a domicili, per emportar o catering els nostres plats a Fran\u00e7a","breadcrumb":{"@id":"https:\/\/restaurants.pokawa.be\/#breadcrumb"},"inLanguage":"ca","potentialAction":[{"@type":"ReadAction","target":["https:\/\/restaurants.pokawa.be\/"]}]},{"@type":"BreadcrumbList","@id":"https:\/\/restaurants.pokawa.be\/#breadcrumb","itemListElement":[{"@type":"ListItem","position":1,"name":"Restaurants","item":"https:\/\/restaurants.pokawa.be\/"},{"@type":"ListItem","position":2,"name":"Restaurants"}]},{"@type":"WebSite","@id":"https:\/\/restaurants.pokawa.be\/#website","url":"https:\/\/restaurants.pokawa.be\/","name":"Les restaurants de Pokawa en Belgique","description":"","publisher":{"@id":"https:\/\/restaurants.pokawa.be\/#organization"},"potentialAction":[{"@type":"SearchAction","target":{"@type":"EntryPoint","urlTemplate":"https:\/\/restaurants.pokawa.be\/?s={search_term_string}"},"query-input":{"@type":"PropertyValueSpecification","valueRequired":true,"valueName":"search_term_string"}}],"inLanguage":"ca"},{"@type":"Organization","@id":"https:\/\/restaurants.pokawa.be\/#organization","name":"Les restaurants de Pokawa en Belgique","url":"https:\/\/restaurants.pokawa.be\/","logo":{"@type":"ImageObject","inLanguage":"ca","@id":"https:\/\/restaurants.pokawa.be\/#\/schema\/logo\/image\/","url":"https:\/\/restaurants.pokawa.be\/wp-content\/uploads\/2022\/08\/cropped-LOGO.png","contentUrl":"https:\/\/restaurants.pokawa.be\/wp-content\/uploads\/2022\/08\/cropped-LOGO.png","width":326,"height":60,"caption":"Les restaurants de Pokawa en Belgique"},"image":{"@id":"https:\/\/restaurants.pokawa.be\/#\/schema\/logo\/image\/"}}]}},"_links":{"self":[{"href":"https:\/\/restaurants.pokawa.be\/ca\/wp-json\/wp\/v2\/pages\/3637","targetHints":{"allow":["GET"]}}],"collection":[{"href":"https:\/\/restaurants.pokawa.be\/ca\/wp-json\/wp\/v2\/pages"}],"about":[{"href":"https:\/\/restaurants.pokawa.be\/ca\/wp-json\/wp\/v2\/types\/page"}],"author":[{"embeddable":true,"href":"https:\/\/restaurants.pokawa.be\/ca\/wp-json\/wp\/v2\/users\/1"}],"replies":[{"embeddable":true,"href":"https:\/\/restaurants.pokawa.be\/ca\/wp-json\/wp\/v2\/comments?post=3637"}],"version-history":[{"count":115,"href":"https:\/\/restaurants.pokawa.be\/ca\/wp-json\/wp\/v2\/pages\/3637\/revisions"}],"predecessor-version":[{"id":10569,"href":"https:\/\/restaurants.pokawa.be\/ca\/wp-json\/wp\/v2\/pages\/3637\/revisions\/10569"}],"wp:attachment":[{"href":"https:\/\/restaurants.pokawa.be\/ca\/wp-json\/wp\/v2\/media?parent=3637"}],"curies":[{"name":"wp","href":"https:\/\/api.w.org\/{rel}","templated":true}]}}